{"id":29,"date":"2021-09-22T16:44:28","date_gmt":"2021-09-22T16:44:28","guid":{"rendered":"https:\/\/dtconsultoria.srv.br\/?page_id=29"},"modified":"2021-09-27T22:52:45","modified_gmt":"2021-09-28T01:52:45","slug":"area-de-condominio","status":"publish","type":"page","link":"https:\/\/dtconsultoria.srv.br\/index.php\/area-de-condominio\/","title":{"rendered":"\u00c1rea Condom\u00ednio"},"content":{"rendered":"\n<div class=\"wp-block-columns is-layout-flex wp-container-core-columns-is-layout-9d6595d7 wp-block-columns-is-layout-flex\">\n<div class=\"wp-block-column is-layout-flow wp-block-column-is-layout-flow\" style=\"flex-basis:33.33%\">\n<figure class=\"wp-block-image size-full\"><img loading=\"lazy\" decoding=\"async\" width=\"306\" height=\"165\" src=\"https:\/\/dtconsultoria.srv.br\/wp-content\/uploads\/2021\/09\/SistemaOnline.jpg\" alt=\"\" class=\"wp-image-26\" srcset=\"https:\/\/dtconsultoria.srv.br\/wp-content\/uploads\/2021\/09\/SistemaOnline.jpg 306w, https:\/\/dtconsultoria.srv.br\/wp-content\/uploads\/2021\/09\/SistemaOnline-300x162.jpg 300w\" sizes=\"auto, (max-width: 306px) 100vw, 306px\" \/><\/figure>\n<\/div>\n\n\n\n<div class=\"wp-block-column is-layout-flow wp-block-column-is-layout-flow\" style=\"flex-basis:66.66%\">\n<p>Acesse aqui sua \u00e1rea de condom\u00ednio: <\/p>\n\n\n\n<ul class=\"wp-block-list\"><li><a href=\"https:\/\/dtconsultoria.superlogica.net\/clients\/areadocondomino\/unidades\/index\">Superl\u00f3gica<\/a><\/li><\/ul>\n<\/div>\n<\/div>\n","protected":false},"excerpt":{"rendered":"<p>Acesse aqui sua \u00e1rea de condom\u00ednio: Superl\u00f3gica<\/p>\n","protected":false},"author":1,"featured_media":0,"parent":0,"menu_order":0,"comment_status":"closed","ping_status":"closed","template":"","meta":{"footnotes":""},"class_list":["post-29","page","type-page","status-publish","hentry"],"_links":{"self":[{"href":"https:\/\/dtconsultoria.srv.br\/index.php\/wp-json\/wp\/v2\/pages\/29","targetHints":{"allow":["GET"]}}],"collection":[{"href":"https:\/\/dtconsultoria.srv.br\/index.php\/wp-json\/wp\/v2\/pages"}],"about":[{"href":"https:\/\/dtconsultoria.srv.br\/index.php\/wp-json\/wp\/v2\/types\/page"}],"author":[{"embeddable":true,"href":"https:\/\/dtconsultoria.srv.br\/index.php\/wp-json\/wp\/v2\/users\/1"}],"replies":[{"embeddable":true,"href":"https:\/\/dtconsultoria.srv.br\/index.php\/wp-json\/wp\/v2\/comments?post=29"}],"version-history":[{"count":6,"href":"https:\/\/dtconsultoria.srv.br\/index.php\/wp-json\/wp\/v2\/pages\/29\/revisions"}],"predecessor-version":[{"id":138,"href":"https:\/\/dtconsultoria.srv.br\/index.php\/wp-json\/wp\/v2\/pages\/29\/revisions\/138"}],"wp:attachment":[{"href":"https:\/\/dtconsultoria.srv.br\/index.php\/wp-json\/wp\/v2\/media?parent=29"}],"curies":[{"name":"wp","href":"https:\/\/api.w.org\/{rel}","templated":true}]}}